{"id":1157,"date":"2018-10-04T09:54:29","date_gmt":"2018-10-04T07:54:29","guid":{"rendered":"http:\/\/www.deco-by-rolette.fr\/?page_id=1157"},"modified":"2019-09-26T17:05:21","modified_gmt":"2019-09-26T15:05:21","slug":"realisations-3-3-2","status":"publish","type":"page","link":"http:\/\/www.deco-by-rolette.fr\/?page_id=1157","title":{"rendered":"MAISON \u00c0 GARCHES"},"content":{"rendered":"<p>[et_pb_section fb_built=\u00a0\u00bb1&Prime; _builder_version=\u00a0\u00bb3.22&Prime; locked=\u00a0\u00bboff\u00a0\u00bb fb_built=\u00a0\u00bb1&Prime; _i=\u00a0\u00bb0&Prime; _address=\u00a0\u00bb0&Prime;][et_pb_row _builder_version=\u00a0\u00bb3.25&Prime; _i=\u00a0\u00bb0&Prime; _address=\u00a0\u00bb0.0&Prime;][et_pb_column type=\u00a0\u00bb4_4&Prime; _builder_version=\u00a0\u00bb3.25&Prime; custom_padding=\u00a0\u00bb|||\u00a0\u00bb _i=\u00a0\u00bb0&Prime; _address=\u00a0\u00bb0.0.0&Prime; custom_padding__hover=\u00a0\u00bb|||\u00a0\u00bb][et_pb_text admin_label=\u00a0\u00bbMAISON \u00c0 GARCHES\u00a0\u00bb _builder_version=\u00a0\u00bb3.27.4&Prime; text_font_size=\u00a0\u00bb13px\u00a0\u00bb text_orientation=\u00a0\u00bbcenter\u00a0\u00bb custom_margin=\u00a0\u00bb30px||19px|\u00a0\u00bb custom_margin_last_edited=\u00a0\u00bbon|desktop\u00a0\u00bb text_font_size_last_edited=\u00a0\u00bbon|desktop\u00a0\u00bb _i=\u00a0\u00bb0&Prime; _address=\u00a0\u00bb0.0.0.0&Prime;]<\/p>\n<h2 style=\"text-align: center;\"><span style=\"vertical-align: inherit;\"><span style=\"vertical-align: inherit;\">MAISON \u00c0 GARCHES<\/span><\/span><\/h2>\n<p>[\/et_pb_text][\/et_pb_column][\/et_pb_row][et_pb_row _builder_version=\u00a0\u00bb3.25&Prime; _i=\u00a0\u00bb1&Prime; _address=\u00a0\u00bb0.1&Prime; column_structure=\u00a0\u00bb1_3,1_3,1_3&Prime;][et_pb_column type=\u00a0\u00bb1_3&Prime; _builder_version=\u00a0\u00bb3.25&Prime; custom_padding=\u00a0\u00bb|||\u00a0\u00bb _i=\u00a0\u00bb0&Prime; _address=\u00a0\u00bb0.1.0&Prime; custom_padding__hover=\u00a0\u00bb|||\u00a0\u00bb][et_pb_text admin_label=\u00a0\u00bbAVANT\u00a0\u00bb _builder_version=\u00a0\u00bb3.27.4&Prime; _i=\u00a0\u00bb0&Prime; _address=\u00a0\u00bb0.1.0.0&Prime;]<\/p>\n<p style=\"text-align: center;\">AVANT<\/p>\n<p>[\/et_pb_text][et_pb_image src=\u00a0\u00bbhttp:\/\/www.deco-by-rolette.fr\/wp-content\/uploads\/2018\/10\/photo-garches-avant.jpg\u00a0\u00bb align_tablet=\u00a0\u00bbcenter\u00a0\u00bb align_last_edited=\u00a0\u00bbon|desktop\u00a0\u00bb admin_label=\u00a0\u00bbavant garches\u00a0\u00bb _builder_version=\u00a0\u00bb3.23&Prime; border_width_all=\u00a0\u00bb19px\u00a0\u00bb border_color_all=\u00a0\u00bb#ffffff\u00a0\u00bb _i=\u00a0\u00bb1&Prime; _address=\u00a0\u00bb0.1.0.1&Prime;]<\/p>\n<p>&nbsp;<\/p>\n<p>[\/et_pb_image][\/et_pb_column][et_pb_column type=\u00a0\u00bb1_3&Prime; _builder_version=\u00a0\u00bb3.25&Prime; custom_padding=\u00a0\u00bb|||\u00a0\u00bb _i=\u00a0\u00bb1&Prime; _address=\u00a0\u00bb0.1.1&Prime; custom_padding__hover=\u00a0\u00bb|||\u00a0\u00bb][et_pb_text admin_label=\u00a0\u00bbREALISATION\u00a0\u00bb _builder_version=\u00a0\u00bb3.27.4&Prime; _i=\u00a0\u00bb0&Prime; _address=\u00a0\u00bb0.1.1.0&Prime;]<\/p>\n<p style=\"text-align: center;\">R\u00c9ALISATION<\/p>\n<p>[\/et_pb_text][et_pb_image src=\u00a0\u00bbhttp:\/\/www.deco-by-rolette.fr\/wp-content\/uploads\/2018\/10\/recto-meuble.jpg\u00a0\u00bb align_tablet=\u00a0\u00bbcenter\u00a0\u00bb align_last_edited=\u00a0\u00bbon|desktop\u00a0\u00bb admin_label=\u00a0\u00bbmeuble recto\u00a0\u00bb _builder_version=\u00a0\u00bb3.23&Prime; border_width_all=\u00a0\u00bb19px\u00a0\u00bb border_color_all=\u00a0\u00bb#ffffff\u00a0\u00bb _i=\u00a0\u00bb1&Prime; _address=\u00a0\u00bb0.1.1.1&Prime;]<\/p>\n<p>&nbsp;<\/p>\n<p>[\/et_pb_image][\/et_pb_column][et_pb_column type=\u00a0\u00bb1_3&Prime; _builder_version=\u00a0\u00bb3.25&Prime; custom_padding=\u00a0\u00bb|||\u00a0\u00bb _i=\u00a0\u00bb2&Prime; _address=\u00a0\u00bb0.1.2&Prime; custom_padding__hover=\u00a0\u00bb|||\u00a0\u00bb][et_pb_text admin_label=\u00a0\u00bbREALISATION\u00a0\u00bb _builder_version=\u00a0\u00bb3.27.4&Prime; _i=\u00a0\u00bb0&Prime; _address=\u00a0\u00bb0.1.2.0&Prime;]<\/p>\n<p style=\"text-align: center;\">R\u00c9ALISATION<\/p>\n<p>[\/et_pb_text][et_pb_image src=\u00a0\u00bbhttp:\/\/www.deco-by-rolette.fr\/wp-content\/uploads\/2018\/10\/meuble.jpg\u00a0\u00bb align_tablet=\u00a0\u00bbcenter\u00a0\u00bb align_last_edited=\u00a0\u00bbon|desktop\u00a0\u00bb admin_label=\u00a0\u00bbmeuble verso\u00a0\u00bb _builder_version=\u00a0\u00bb3.23&Prime; border_width_all=\u00a0\u00bb19px\u00a0\u00bb border_color_all=\u00a0\u00bb#ffffff\u00a0\u00bb _i=\u00a0\u00bb1&Prime; _address=\u00a0\u00bb0.1.2.1&Prime;]<\/p>\n<p>&nbsp;<\/p>\n<p>[\/et_pb_image][\/et_pb_column][\/et_pb_row][et_pb_row _builder_version=\u00a0\u00bb3.25&Prime; _i=\u00a0\u00bb0&Prime; _address=\u00a0\u00bb0&Prime; global_module=\u00a0\u00bb1003&Prime;][et_pb_column type=\u00a0\u00bb4_4&Prime; _builder_version=\u00a0\u00bb3.25&Prime; custom_padding=\u00a0\u00bb|||\u00a0\u00bb _i=\u00a0\u00bb0&Prime; _address=\u00a0\u00bb0.0&Prime; custom_padding__hover=\u00a0\u00bb|||\u00a0\u00bb][et_pb_button button_url=\u00a0\u00bbhttp:\/\/www.deco-by-rolette.fr\/?page_id=573&Prime; button_text=\u00a0\u00bbRETOUR AUX REALISATIONS\u00a0\u00bb button_alignment=\u00a0\u00bbcenter\u00a0\u00bb _builder_version=\u00a0\u00bb3.16&Prime; custom_button=\u00a0\u00bbon\u00a0\u00bb button_text_size=\u00a0\u00bb17px\u00a0\u00bb button_text_color=\u00a0\u00bb#8e7749&Prime; button_border_width=\u00a0\u00bb1px\u00a0\u00bb custom_margin=\u00a0\u00bb10px||24px|\u00a0\u00bb button_text_size_last_edited=\u00a0\u00bbon|desktop\u00a0\u00bb _i=\u00a0\u00bb0&Prime; _address=\u00a0\u00bb0.0.0&Prime; button_text_size__hover_enabled=\u00a0\u00bboff\u00a0\u00bb button_one_text_size__hover_enabled=\u00a0\u00bboff\u00a0\u00bb button_two_text_size__hover_enabled=\u00a0\u00bboff\u00a0\u00bb button_text_color__hover_enabled=\u00a0\u00bboff\u00a0\u00bb button_one_text_color__hover_enabled=\u00a0\u00bboff\u00a0\u00bb button_two_text_color__hover_enabled=\u00a0\u00bboff\u00a0\u00bb button_border_width__hover_enabled=\u00a0\u00bboff\u00a0\u00bb button_one_border_width__hover_enabled=\u00a0\u00bboff\u00a0\u00bb button_two_border_width__hover_enabled=\u00a0\u00bboff\u00a0\u00bb button_border_color__hover_enabled=\u00a0\u00bboff\u00a0\u00bb button_one_border_color__hover_enabled=\u00a0\u00bboff\u00a0\u00bb button_two_border_color__hover_enabled=\u00a0\u00bboff\u00a0\u00bb button_border_radius__hover_enabled=\u00a0\u00bboff\u00a0\u00bb button_one_border_radius__hover_enabled=\u00a0\u00bboff\u00a0\u00bb button_two_border_radius__hover_enabled=\u00a0\u00bboff\u00a0\u00bb button_letter_spacing__hover_enabled=\u00a0\u00bboff\u00a0\u00bb button_one_letter_spacing__hover_enabled=\u00a0\u00bboff\u00a0\u00bb button_two_letter_spacing__hover_enabled=\u00a0\u00bboff\u00a0\u00bb button_bg_color__hover_enabled=\u00a0\u00bboff\u00a0\u00bb button_one_bg_color__hover_enabled=\u00a0\u00bboff\u00a0\u00bb button_two_bg_color__hover_enabled=\u00a0\u00bboff\u00a0\u00bb][\/et_pb_button][\/et_pb_column][\/et_pb_row][\/et_pb_section]<\/p>\n","protected":false},"excerpt":{"rendered":"<p>MAISON \u00c0 GARCHES AVANT&nbsp; R\u00c9ALISATION&nbsp; R\u00c9ALISATION&nbsp;<\/p>\n","protected":false},"author":1,"featured_media":0,"parent":0,"menu_order":0,"comment_status":"closed","ping_status":"closed","template":"","meta":{"_et_pb_use_builder":"on","_et_pb_old_content":"","_et_gb_content_width":"","footnotes":""},"yoast_head":"<!-- This site is optimized with the Yoast SEO plugin v20.4 - https:\/\/yoast.com\/wordpress\/plugins\/seo\/ -->\n<title>MAISON \u00c0 GARCHES - deco-by-rolette<\/title>\n<meta name=\"robots\" content=\"index, follow, max-snippet:-1, max-image-preview:large, max-video-preview:-1\" \/>\n<link rel=\"canonical\" href=\"http:\/\/www.deco-by-rolette.fr\/?page_id=1157\" \/>\n<meta property=\"og:locale\" content=\"fr_FR\" \/>\n<meta property=\"og:type\" content=\"article\" \/>\n<meta property=\"og:title\" content=\"MAISON \u00c0 GARCHES - deco-by-rolette\" \/>\n<meta property=\"og:description\" content=\"MAISON \u00c0 GARCHES AVANT&nbsp; R\u00c9ALISATION&nbsp; R\u00c9ALISATION&nbsp;\" \/>\n<meta property=\"og:url\" content=\"http:\/\/www.deco-by-rolette.fr\/?page_id=1157\" \/>\n<meta property=\"og:site_name\" content=\"deco-by-rolette\" \/>\n<meta property=\"article:modified_time\" content=\"2019-09-26T15:05:21+00:00\" \/>\n<meta name=\"twitter:card\" content=\"summary_large_image\" \/>\n<meta name=\"twitter:label1\" content=\"Dur\u00e9e de lecture estim\u00e9e\" \/>\n\t<meta name=\"twitter:data1\" content=\"3 minutes\" \/>\n<script type=\"application\/ld+json\" class=\"yoast-schema-graph\">{\"@context\":\"https:\/\/schema.org\",\"@graph\":[{\"@type\":\"WebPage\",\"@id\":\"http:\/\/www.deco-by-rolette.fr\/?page_id=1157\",\"url\":\"http:\/\/www.deco-by-rolette.fr\/?page_id=1157\",\"name\":\"MAISON \u00c0 GARCHES - deco-by-rolette\",\"isPartOf\":{\"@id\":\"http:\/\/www.deco-by-rolette.fr\/#website\"},\"datePublished\":\"2018-10-04T07:54:29+00:00\",\"dateModified\":\"2019-09-26T15:05:21+00:00\",\"breadcrumb\":{\"@id\":\"http:\/\/www.deco-by-rolette.fr\/?page_id=1157#breadcrumb\"},\"inLanguage\":\"fr-FR\",\"potentialAction\":[{\"@type\":\"ReadAction\",\"target\":[\"http:\/\/www.deco-by-rolette.fr\/?page_id=1157\"]}]},{\"@type\":\"BreadcrumbList\",\"@id\":\"http:\/\/www.deco-by-rolette.fr\/?page_id=1157#breadcrumb\",\"itemListElement\":[{\"@type\":\"ListItem\",\"position\":1,\"name\":\"Home\",\"item\":\"http:\/\/www.deco-by-rolette.fr\/\"},{\"@type\":\"ListItem\",\"position\":2,\"name\":\"MAISON \u00c0 GARCHES\"}]},{\"@type\":\"WebSite\",\"@id\":\"http:\/\/www.deco-by-rolette.fr\/#website\",\"url\":\"http:\/\/www.deco-by-rolette.fr\/\",\"name\":\"deco-by-rolette\",\"description\":\"\",\"potentialAction\":[{\"@type\":\"SearchAction\",\"target\":{\"@type\":\"EntryPoint\",\"urlTemplate\":\"http:\/\/www.deco-by-rolette.fr\/?s={search_term_string}\"},\"query-input\":\"required name=search_term_string\"}],\"inLanguage\":\"fr-FR\"}]}<\/script>\n<!-- \/ Yoast SEO plugin. -->","yoast_head_json":{"title":"MAISON \u00c0 GARCHES - deco-by-rolette","robots":{"index":"index","follow":"follow","max-snippet":"max-snippet:-1","max-image-preview":"max-image-preview:large","max-video-preview":"max-video-preview:-1"},"canonical":"http:\/\/www.deco-by-rolette.fr\/?page_id=1157","og_locale":"fr_FR","og_type":"article","og_title":"MAISON \u00c0 GARCHES - deco-by-rolette","og_description":"MAISON \u00c0 GARCHES AVANT&nbsp; R\u00c9ALISATION&nbsp; R\u00c9ALISATION&nbsp;","og_url":"http:\/\/www.deco-by-rolette.fr\/?page_id=1157","og_site_name":"deco-by-rolette","article_modified_time":"2019-09-26T15:05:21+00:00","twitter_card":"summary_large_image","twitter_misc":{"Dur\u00e9e de lecture estim\u00e9e":"3 minutes"},"schema":{"@context":"https:\/\/schema.org","@graph":[{"@type":"WebPage","@id":"http:\/\/www.deco-by-rolette.fr\/?page_id=1157","url":"http:\/\/www.deco-by-rolette.fr\/?page_id=1157","name":"MAISON \u00c0 GARCHES - deco-by-rolette","isPartOf":{"@id":"http:\/\/www.deco-by-rolette.fr\/#website"},"datePublished":"2018-10-04T07:54:29+00:00","dateModified":"2019-09-26T15:05:21+00:00","breadcrumb":{"@id":"http:\/\/www.deco-by-rolette.fr\/?page_id=1157#breadcrumb"},"inLanguage":"fr-FR","potentialAction":[{"@type":"ReadAction","target":["http:\/\/www.deco-by-rolette.fr\/?page_id=1157"]}]},{"@type":"BreadcrumbList","@id":"http:\/\/www.deco-by-rolette.fr\/?page_id=1157#breadcrumb","itemListElement":[{"@type":"ListItem","position":1,"name":"Home","item":"http:\/\/www.deco-by-rolette.fr\/"},{"@type":"ListItem","position":2,"name":"MAISON \u00c0 GARCHES"}]},{"@type":"WebSite","@id":"http:\/\/www.deco-by-rolette.fr\/#website","url":"http:\/\/www.deco-by-rolette.fr\/","name":"deco-by-rolette","description":"","potentialAction":[{"@type":"SearchAction","target":{"@type":"EntryPoint","urlTemplate":"http:\/\/www.deco-by-rolette.fr\/?s={search_term_string}"},"query-input":"required name=search_term_string"}],"inLanguage":"fr-FR"}]}},"_links":{"self":[{"href":"http:\/\/www.deco-by-rolette.fr\/index.php?rest_route=\/wp\/v2\/pages\/1157"}],"collection":[{"href":"http:\/\/www.deco-by-rolette.fr\/index.php?rest_route=\/wp\/v2\/pages"}],"about":[{"href":"http:\/\/www.deco-by-rolette.fr\/index.php?rest_route=\/wp\/v2\/types\/page"}],"author":[{"embeddable":true,"href":"http:\/\/www.deco-by-rolette.fr\/index.php?rest_route=\/wp\/v2\/users\/1"}],"replies":[{"embeddable":true,"href":"http:\/\/www.deco-by-rolette.fr\/index.php?rest_route=%2Fwp%2Fv2%2Fcomments&post=1157"}],"version-history":[{"count":8,"href":"http:\/\/www.deco-by-rolette.fr\/index.php?rest_route=\/wp\/v2\/pages\/1157\/revisions"}],"predecessor-version":[{"id":1515,"href":"http:\/\/www.deco-by-rolette.fr\/index.php?rest_route=\/wp\/v2\/pages\/1157\/revisions\/1515"}],"wp:attachment":[{"href":"http:\/\/www.deco-by-rolette.fr\/index.php?rest_route=%2Fwp%2Fv2%2Fmedia&parent=1157"}],"curies":[{"name":"wp","href":"https:\/\/api.w.org\/{rel}","templated":true}]}}