{"id":95,"date":"2017-08-26T16:48:57","date_gmt":"2017-08-26T14:48:57","guid":{"rendered":"http:\/\/deco-by-rolette.fr\/?page_id=95"},"modified":"2021-09-09T10:28:01","modified_gmt":"2021-09-09T08:28:01","slug":"contact","status":"publish","type":"page","link":"http:\/\/www.deco-by-rolette.fr\/?page_id=95","title":{"rendered":"Contact"},"content":{"rendered":"<p>[et_pb_section fb_built=\u00a0\u00bb1&Prime; _builder_version=\u00a0\u00bb3.22&Prime;][et_pb_row _builder_version=\u00a0\u00bb3.25&Prime;][et_pb_column type=\u00a0\u00bb4_4&Prime; _builder_version=\u00a0\u00bb3.25&Prime; custom_padding=\u00a0\u00bb|||\u00a0\u00bb custom_padding__hover=\u00a0\u00bb|||\u00a0\u00bb][et_pb_text admin_label=\u00a0\u00bbcontact\u00a0\u00bb _builder_version=\u00a0\u00bb3.27.4&Prime; custom_margin=\u00a0\u00bb21px|||\u00a0\u00bb custom_margin_tablet=\u00a0\u00bb\u00a0\u00bb custom_margin_phone=\u00a0\u00bb\u00a0\u00bb custom_margin_last_edited=\u00a0\u00bbon|tablet\u00a0\u00bb]<\/p>\n<h1 style=\"text-align: center;\"><\/h1>\n<h1 style=\"text-align: center;\"><span style=\"color: #ffffff;\"><span style=\"color: #2f686b;\">CONTACT<\/span><\/span><\/h1>\n<p>[\/et_pb_text][et_pb_image src=\u00a0\u00bbhttp:\/\/www.deco-by-rolette.fr\/wp-content\/uploads\/2018\/10\/illustration-deco-by-rolette.jpg\u00a0\u00bb align=\u00a0\u00bbcenter\u00a0\u00bb align_tablet=\u00a0\u00bbcenter\u00a0\u00bb align_phone=\u00a0\u00bb\u00a0\u00bb align_last_edited=\u00a0\u00bbon|desktop\u00a0\u00bb _builder_version=\u00a0\u00bb3.23&Prime; custom_margin=\u00a0\u00bb16px||0px|\u00a0\u00bb custom_margin_tablet=\u00a0\u00bb\u00a0\u00bb custom_margin_phone=\u00a0\u00bb\u00a0\u00bb custom_margin_last_edited=\u00a0\u00bbon|desktop\u00a0\u00bb]&nbsp;<br \/>\n[\/et_pb_image][\/et_pb_column][\/et_pb_row][\/et_pb_section][et_pb_section fb_built=\u00a0\u00bb1&Prime; _builder_version=\u00a0\u00bb3.22&Prime;][et_pb_row _builder_version=\u00a0\u00bb3.25&Prime;][et_pb_column type=\u00a0\u00bb4_4&Prime; _builder_version=\u00a0\u00bb3.25&Prime; custom_padding=\u00a0\u00bb|||\u00a0\u00bb custom_padding__hover=\u00a0\u00bb|||\u00a0\u00bb][et_pb_text _builder_version=\u00a0\u00bb3.27.4&Prime; custom_margin=\u00a0\u00bb16px||16px|\u00a0\u00bb]<\/p>\n<p class=\"p1\" style=\"text-align: center;\"><span style=\"color: #2f686b;\"><strong><span class=\"s1\">GRAPHISTE D\u00c9CORATRICE \/ CONSEILS &amp;\u00a0<\/span><span class=\"s1\">CR\u00c9ATION DE MAQUETTES D\u00c9CO<\/span><\/strong><\/span><\/p>\n<p style=\"text-align: center;\"><strong><span style=\"color: #8e7749;\">D\u00e9coration by Rolette<\/span><\/strong><br \/>\nCAROLE GRIVOT<br \/>\nT\u00e9l : 06 64 80 38 78<br \/>\nmail :\u00a0<a href=\"mailto:contact@deco-by-rolette.fr\"><span style=\"font-size: 14px;\">contact@deco-by-rolette.fr<\/span><\/a><\/p>\n<p>[\/et_pb_text][\/et_pb_column][\/et_pb_row][et_pb_row _builder_version=\u00a0\u00bb3.25&Prime;][et_pb_column type=\u00a0\u00bb4_4&Prime; _builder_version=\u00a0\u00bb3.25&Prime; custom_padding=\u00a0\u00bb|||\u00a0\u00bb custom_padding__hover=\u00a0\u00bb|||\u00a0\u00bb][et_pb_text admin_label=\u00a0\u00bbMENTIONS L\u00c9GALES \u00a0\u00bb _builder_version=\u00a0\u00bb3.27.4&Prime; text_font_size=\u00a0\u00bb10px\u00a0\u00bb custom_margin=\u00a0\u00bb0px|||\u00a0\u00bb custom_padding=\u00a0\u00bb0px||9px|\u00a0\u00bb text_font_size_tablet=\u00a0\u00bb\u00a0\u00bb text_font_size_phone=\u00a0\u00bb\u00a0\u00bb text_font_size_last_edited=\u00a0\u00bbon|desktop\u00a0\u00bb header_letter_spacing_tablet=\u00a0\u00bb\u00a0\u00bb header_letter_spacing_phone=\u00a0\u00bb\u00a0\u00bb header_letter_spacing_last_edited=\u00a0\u00bbon|desktop\u00a0\u00bb]<\/p>\n<p style=\"text-align: center;\"><span style=\"font-size: small;\"><a href=\"http:\/\/www.deco-by-rolette.fr\/?page_id=1297\" target=\"_blank\" rel=\"noopener\">MENTIONS L\u00c9GALES\u00a0<\/a><span class=\"s1\"><br \/> <\/span><\/span><\/p>\n<p style=\"text-align: center;\"><span style=\"font-size: small;\"><\/span><\/p>\n<p>[\/et_pb_text][\/et_pb_column][\/et_pb_row][et_pb_row column_structure=\u00a0\u00bb1_6,1_6,1_6,1_6,1_6,1_6&Prime; _builder_version=\u00a0\u00bb3.25&Prime; global_module=\u00a0\u00bb1924&Prime; saved_tabs=\u00a0\u00bball\u00a0\u00bb][et_pb_column type=\u00a0\u00bb1_6&Prime; _builder_version=\u00a0\u00bb3.25&Prime; custom_padding=\u00a0\u00bb|||\u00a0\u00bb custom_padding__hover=\u00a0\u00bb|||\u00a0\u00bb][\/et_pb_column][et_pb_column type=\u00a0\u00bb1_6&Prime; _builder_version=\u00a0\u00bb3.25&Prime; custom_padding=\u00a0\u00bb|||\u00a0\u00bb custom_padding__hover=\u00a0\u00bb|||\u00a0\u00bb][\/et_pb_column][et_pb_column type=\u00a0\u00bb1_6&Prime; _builder_version=\u00a0\u00bb3.25&Prime; custom_padding=\u00a0\u00bb|||\u00a0\u00bb custom_padding__hover=\u00a0\u00bb|||\u00a0\u00bb][et_pb_image src=\u00a0\u00bbhttp:\/\/www.deco-by-rolette.fr\/wp-content\/uploads\/2018\/11\/pinterest-deco-by-rolette.jpg\u00a0\u00bb url=\u00a0\u00bbhttps:\/\/www.pinterest.fr\/decobyRolette\/httpwwwdeco-by-rolettefr\/\u00a0\u00bb align=\u00a0\u00bbcenter\u00a0\u00bb align_tablet=\u00a0\u00bbcenter\u00a0\u00bb align_phone=\u00a0\u00bb\u00a0\u00bb align_last_edited=\u00a0\u00bbon|desktop\u00a0\u00bb _builder_version=\u00a0\u00bb4.9.7&Prime; custom_margin=\u00a0\u00bb||17px\u00a0\u00bb custom_margin_tablet=\u00a0\u00bb\u00a0\u00bb custom_margin_phone=\u00a0\u00bb\u00a0\u00bb custom_margin_last_edited=\u00a0\u00bbon|desktop\u00a0\u00bb hover_enabled=\u00a0\u00bb0&Prime; sticky_enabled=\u00a0\u00bb0&Prime;][\/et_pb_image][\/et_pb_column][et_pb_column type=\u00a0\u00bb1_6&Prime; _builder_version=\u00a0\u00bb3.25&Prime; custom_padding=\u00a0\u00bb|||\u00a0\u00bb custom_padding__hover=\u00a0\u00bb|||\u00a0\u00bb][et_pb_image src=\u00a0\u00bbhttp:\/\/www.deco-by-rolette.fr\/wp-content\/uploads\/2021\/03\/insta-deco-by-rolette.jpg\u00a0\u00bb title_text=\u00a0\u00bbinsta-deco-by-rolette\u00a0\u00bb url=\u00a0\u00bbhttps:\/\/www.instagram.com\/deco_by_rolette\/\u00a0\u00bb align=\u00a0\u00bbcenter\u00a0\u00bb _builder_version=\u00a0\u00bb4.9.1&Prime; _module_preset=\u00a0\u00bbdefault\u00a0\u00bb hover_enabled=\u00a0\u00bb0&Prime; sticky_enabled=\u00a0\u00bb0&Prime;][\/et_pb_image][\/et_pb_column][et_pb_column type=\u00a0\u00bb1_6&Prime; _builder_version=\u00a0\u00bb3.25&Prime; custom_padding=\u00a0\u00bb|||\u00a0\u00bb custom_padding__hover=\u00a0\u00bb|||\u00a0\u00bb][\/et_pb_column][et_pb_column type=\u00a0\u00bb1_6&Prime; _builder_version=\u00a0\u00bb3.25&Prime; custom_padding=\u00a0\u00bb|||\u00a0\u00bb custom_padding__hover=\u00a0\u00bb|||\u00a0\u00bb][\/et_pb_column][\/et_pb_row][\/et_pb_section][et_pb_section fb_built=\u00a0\u00bb1&Prime; _builder_version=\u00a0\u00bb4.9.1&Prime; _module_preset=\u00a0\u00bbdefault\u00a0\u00bb][et_pb_row _builder_version=\u00a0\u00bb4.9.1&Prime; _module_preset=\u00a0\u00bbdefault\u00a0\u00bb global_module=\u00a0\u00bb1930&Prime; saved_tabs=\u00a0\u00bball\u00a0\u00bb][et_pb_column type=\u00a0\u00bb4_4&Prime; _builder_version=\u00a0\u00bb4.9.1&Prime; _module_preset=\u00a0\u00bbdefault\u00a0\u00bb][\/et_pb_column][\/et_pb_row][\/et_pb_section]<\/p>\n","protected":false},"excerpt":{"rendered":"<p>CONTACT &nbsp; GRAPHISTE D\u00c9CORATRICE \/ CONSEILS &amp;\u00a0CR\u00c9ATION DE MAQUETTES D\u00c9CO D\u00e9coration by Rolette CAROLE GRIVOT T\u00e9l : 06 64 80 38 78 mail :\u00a0contact@deco-by-rolette.fr MENTIONS L\u00c9GALES\u00a0<\/p>\n","protected":false},"author":1,"featured_media":0,"parent":0,"menu_order":0,"comment_status":"closed","ping_status":"closed","template":"","meta":{"_et_pb_use_builder":"on","_et_pb_old_content":"<p>c,bcjbajvbc<\/p>","_et_gb_content_width":"","footnotes":""},"yoast_head":"<!-- This site is optimized with the Yoast SEO plugin v20.4 - https:\/\/yoast.com\/wordpress\/plugins\/seo\/ -->\n<title>Contact - deco-by-rolette<\/title>\n<meta name=\"description\" content=\"site deco-by-rolette.fr site maquettes d\u00e9coration.\" \/>\n<meta name=\"robots\" content=\"index, follow, max-snippet:-1, max-image-preview:large, max-video-preview:-1\" \/>\n<link rel=\"canonical\" href=\"http:\/\/www.deco-by-rolette.fr\/?page_id=95\" \/>\n<meta property=\"og:locale\" content=\"fr_FR\" \/>\n<meta property=\"og:type\" content=\"article\" \/>\n<meta property=\"og:title\" content=\"Contact - deco-by-rolette\" \/>\n<meta property=\"og:description\" content=\"site deco-by-rolette.fr site maquettes d\u00e9coration.\" \/>\n<meta property=\"og:url\" content=\"http:\/\/www.deco-by-rolette.fr\/?page_id=95\" \/>\n<meta property=\"og:site_name\" content=\"deco-by-rolette\" \/>\n<meta property=\"article:modified_time\" content=\"2021-09-09T08:28:01+00:00\" \/>\n<meta name=\"twitter:card\" content=\"summary_large_image\" \/>\n<meta name=\"twitter:label1\" content=\"Dur\u00e9e de lecture estim\u00e9e\" \/>\n\t<meta name=\"twitter:data1\" content=\"2 minutes\" \/>\n<script type=\"application\/ld+json\" class=\"yoast-schema-graph\">{\"@context\":\"https:\/\/schema.org\",\"@graph\":[{\"@type\":\"WebPage\",\"@id\":\"http:\/\/www.deco-by-rolette.fr\/?page_id=95\",\"url\":\"http:\/\/www.deco-by-rolette.fr\/?page_id=95\",\"name\":\"Contact - deco-by-rolette\",\"isPartOf\":{\"@id\":\"http:\/\/www.deco-by-rolette.fr\/#website\"},\"datePublished\":\"2017-08-26T14:48:57+00:00\",\"dateModified\":\"2021-09-09T08:28:01+00:00\",\"description\":\"site deco-by-rolette.fr site maquettes d\u00e9coration.\",\"breadcrumb\":{\"@id\":\"http:\/\/www.deco-by-rolette.fr\/?page_id=95#breadcrumb\"},\"inLanguage\":\"fr-FR\",\"potentialAction\":[{\"@type\":\"ReadAction\",\"target\":[\"http:\/\/www.deco-by-rolette.fr\/?page_id=95\"]}]},{\"@type\":\"BreadcrumbList\",\"@id\":\"http:\/\/www.deco-by-rolette.fr\/?page_id=95#breadcrumb\",\"itemListElement\":[{\"@type\":\"ListItem\",\"position\":1,\"name\":\"Home\",\"item\":\"http:\/\/www.deco-by-rolette.fr\/\"},{\"@type\":\"ListItem\",\"position\":2,\"name\":\"Contact\"}]},{\"@type\":\"WebSite\",\"@id\":\"http:\/\/www.deco-by-rolette.fr\/#website\",\"url\":\"http:\/\/www.deco-by-rolette.fr\/\",\"name\":\"deco-by-rolette\",\"description\":\"\",\"potentialAction\":[{\"@type\":\"SearchAction\",\"target\":{\"@type\":\"EntryPoint\",\"urlTemplate\":\"http:\/\/www.deco-by-rolette.fr\/?s={search_term_string}\"},\"query-input\":\"required name=search_term_string\"}],\"inLanguage\":\"fr-FR\"}]}<\/script>\n<!-- \/ Yoast SEO plugin. -->","yoast_head_json":{"title":"Contact - deco-by-rolette","description":"site deco-by-rolette.fr site maquettes d\u00e9coration.","robots":{"index":"index","follow":"follow","max-snippet":"max-snippet:-1","max-image-preview":"max-image-preview:large","max-video-preview":"max-video-preview:-1"},"canonical":"http:\/\/www.deco-by-rolette.fr\/?page_id=95","og_locale":"fr_FR","og_type":"article","og_title":"Contact - deco-by-rolette","og_description":"site deco-by-rolette.fr site maquettes d\u00e9coration.","og_url":"http:\/\/www.deco-by-rolette.fr\/?page_id=95","og_site_name":"deco-by-rolette","article_modified_time":"2021-09-09T08:28:01+00:00","twitter_card":"summary_large_image","twitter_misc":{"Dur\u00e9e de lecture estim\u00e9e":"2 minutes"},"schema":{"@context":"https:\/\/schema.org","@graph":[{"@type":"WebPage","@id":"http:\/\/www.deco-by-rolette.fr\/?page_id=95","url":"http:\/\/www.deco-by-rolette.fr\/?page_id=95","name":"Contact - deco-by-rolette","isPartOf":{"@id":"http:\/\/www.deco-by-rolette.fr\/#website"},"datePublished":"2017-08-26T14:48:57+00:00","dateModified":"2021-09-09T08:28:01+00:00","description":"site deco-by-rolette.fr site maquettes d\u00e9coration.","breadcrumb":{"@id":"http:\/\/www.deco-by-rolette.fr\/?page_id=95#breadcrumb"},"inLanguage":"fr-FR","potentialAction":[{"@type":"ReadAction","target":["http:\/\/www.deco-by-rolette.fr\/?page_id=95"]}]},{"@type":"BreadcrumbList","@id":"http:\/\/www.deco-by-rolette.fr\/?page_id=95#breadcrumb","itemListElement":[{"@type":"ListItem","position":1,"name":"Home","item":"http:\/\/www.deco-by-rolette.fr\/"},{"@type":"ListItem","position":2,"name":"Contact"}]},{"@type":"WebSite","@id":"http:\/\/www.deco-by-rolette.fr\/#website","url":"http:\/\/www.deco-by-rolette.fr\/","name":"deco-by-rolette","description":"","potentialAction":[{"@type":"SearchAction","target":{"@type":"EntryPoint","urlTemplate":"http:\/\/www.deco-by-rolette.fr\/?s={search_term_string}"},"query-input":"required name=search_term_string"}],"inLanguage":"fr-FR"}]}},"_links":{"self":[{"href":"http:\/\/www.deco-by-rolette.fr\/index.php?rest_route=\/wp\/v2\/pages\/95"}],"collection":[{"href":"http:\/\/www.deco-by-rolette.fr\/index.php?rest_route=\/wp\/v2\/pages"}],"about":[{"href":"http:\/\/www.deco-by-rolette.fr\/index.php?rest_route=\/wp\/v2\/types\/page"}],"author":[{"embeddable":true,"href":"http:\/\/www.deco-by-rolette.fr\/index.php?rest_route=\/wp\/v2\/users\/1"}],"replies":[{"embeddable":true,"href":"http:\/\/www.deco-by-rolette.fr\/index.php?rest_route=%2Fwp%2Fv2%2Fcomments&post=95"}],"version-history":[{"count":48,"href":"http:\/\/www.deco-by-rolette.fr\/index.php?rest_route=\/wp\/v2\/pages\/95\/revisions"}],"predecessor-version":[{"id":1931,"href":"http:\/\/www.deco-by-rolette.fr\/index.php?rest_route=\/wp\/v2\/pages\/95\/revisions\/1931"}],"wp:attachment":[{"href":"http:\/\/www.deco-by-rolette.fr\/index.php?rest_route=%2Fwp%2Fv2%2Fmedia&parent=95"}],"curies":[{"name":"wp","href":"https:\/\/api.w.org\/{rel}","templated":true}]}}